{"id":18,"date":"2024-06-01T05:21:20","date_gmt":"2024-06-01T05:21:20","guid":{"rendered":"https:\/\/www.ferroplan.fi\/pm2024\/?page_id=18"},"modified":"2024-11-25T07:44:10","modified_gmt":"2024-11-25T05:44:10","slug":"home","status":"publish","type":"page","link":"https:\/\/www.palletmaster.fi\/fi\/","title":{"rendered":"Etusivu"},"content":{"rendered":"<div class=\"wp-block-cover cover-full cover-hero\" style=\"min-height:845px;aspect-ratio:unset;\"><span aria-hidden=\"true\" class=\"wp-block-cover__background has-background-dim-0 has-background-dim\"><\/span><img loading=\"lazy\" decoding=\"async\" width=\"2667\" height=\"1171\" class=\"wp-block-cover__image-background wp-image-140\" alt=\"Automatic pallet dispenser in use by a Pallet Master employee retrieving a pallet\" src=\"https:\/\/www.ferroplan.fi\/pm2024\/wp-content\/uploads\/2024\/06\/pm_fp_hero_cover.jpg\" data-object-fit=\"cover\"\/><div class=\"wp-block-cover__inner-container is-layout-constrained wp-block-cover-is-layout-constrained\">\n<h1 class=\"wp-block-heading has-text-align-left has-base-3-color has-text-color has-link-color wp-elements-74d96fc6e7aafc763e7e289fc9903317\">Automatisoidut lavapinoajat<br>kotimaiselta Pallet Masterilta<\/h1>\n\n\n\n<h3 class=\"wp-block-heading\">Pinoa, pura ja varastoi<\/h3>\n<\/div><\/div>\n\n\n\n<div style=\"height:8rem\" aria-hidden=\"true\" class=\"wp-block-spacer\"><\/div>\n\n\n\n<h2 class=\"wp-block-heading has-text-align-center\">PalletMaster\u00ae lavapinoajat<\/h2>\n\n\n\n<p class=\"has-text-align-center p-narrow\" style=\"font-size:1.2rem\">Automatisoi kuormalavojen pinoaminen PalletMaster\u00ae lavapinoajilla. Pallet Master tarjoaa vaivatonta ja turvallista kuormalavojen pinoamista erilaisille kuormalavoille, aina EUR, FIN ja CHEP -lavoista kompakteihin teholavoihin. Laitteeseen ajetaan tyhj\u00e4 kuormalava joko trukilla tai haarukkavaunulla, jonka j\u00e4lkeen PalletMaster\u00ae k\u00e4sittelee lavat automaattisesti p\u00e4\u00e4llekk\u00e4in. S\u00e4\u00e4st\u00e4t aikaa ja vaivaa manuaalisen kuormalavan pinoamisen sijaan. Tutustu tuotteisiin tai ota yhteytt\u00e4 myyntiimme!<\/p>\n\n\n\n<div style=\"height:2.5rem\" aria-hidden=\"true\" class=\"wp-block-spacer\"><\/div>\n\n\n\n<div class=\"wp-block-buttons is-content-justification-center is-layout-flex wp-container-core-buttons-is-layout-16018d1d wp-block-buttons-is-layout-flex\">\n<div class=\"wp-block-button\"><a class=\"wp-block-button__link wp-element-button\" href=\"https:\/\/www.palletmaster.fi\/fi\/contact-us\/\" style=\"border-radius:0px\">Ota yhteytt\u00e4<\/a><\/div>\n<\/div>\n\n\n\n<div style=\"height:8rem\" aria-hidden=\"true\" class=\"wp-block-spacer\"><\/div>\n\n\n\n<h2 class=\"wp-block-heading has-text-align-center\">PalletMaster\u00ae ratkaisut<\/h2>\n\n\n\n<div class=\"wp-block-columns pm-solutions-columns is-layout-flex wp-container-core-columns-is-layout-9d6595d7 wp-block-columns-is-layout-flex\">\n<div class=\"wp-block-column is-layout-flow wp-block-column-is-layout-flow\">\n<figure class=\"wp-block-image size-full\"><img loading=\"lazy\" decoding=\"async\" width=\"430\" height=\"461\" src=\"https:\/\/www.ferroplan.fi\/pm2024\/wp-content\/uploads\/2024\/06\/pallet_master_solutions_electric.jpg\" alt=\"Automatic and Electric Pallet Dispensers PalletMaster\u00ae\" class=\"wp-image-62\"\/><\/figure>\n\n\n\n<h3 class=\"wp-block-heading has-text-align-center\">S\u00e4hk\u00f6toimiset PalletMaster\u00ae lavapinoajat ja teholavapinoajat<\/h3>\n\n\n\n<p class=\"has-text-align-center\">T\u00e4ysin automaattinen lastaus- ja purkutoiminto. Lis\u00e4ksi voidaan valita pikatoiminto pelk\u00e4lle lastaukselle tai purkamiselle. My\u00f6s teholavat!<\/p>\n\n\n\n<div class=\"wp-block-buttons is-content-justification-center is-layout-flex wp-container-core-buttons-is-layout-16018d1d wp-block-buttons-is-layout-flex\">\n<div class=\"wp-block-button\"><a class=\"wp-block-button__link wp-element-button\" href=\"https:\/\/www.palletmaster.fi\/fi\/electric-pallet-dispenser\/\" style=\"border-radius:0px\">Tuotetiedot<\/a><\/div>\n<\/div>\n<\/div>\n\n\n\n<div class=\"wp-block-column is-layout-flow wp-block-column-is-layout-flow\">\n<figure class=\"wp-block-image size-full\"><img loading=\"lazy\" decoding=\"async\" width=\"430\" height=\"461\" src=\"https:\/\/www.ferroplan.fi\/pm2024\/wp-content\/uploads\/2024\/06\/pallet_master_solutions_1-5.jpg\" alt=\"Semi-automatic and Electric 1-5 Pallet Dispenser PalletMaster\u00ae\" class=\"wp-image-61\" style=\"object-fit:cover\"\/><\/figure>\n\n\n\n<h3 class=\"wp-block-heading has-text-align-center\">PalletMaster\u00ae 1\u20135<br>lavapinoajat<\/h3>\n\n\n\n<p class=\"has-text-align-center\">Laitteeseen voidaan vied\u00e4 1-5 lavaa kerrallaan ja suorittaa puoli-automaattinen pinonta. Laitteesta voidaan my\u00f6s hakea 1-5 lavaa kerrallaan.<\/p>\n\n\n\n<div class=\"wp-block-buttons is-content-justification-center is-layout-flex wp-container-core-buttons-is-layout-e1485a7b wp-block-buttons-is-layout-flex\">\n<div class=\"wp-block-button\"><a class=\"wp-block-button__link wp-element-button\" href=\"https:\/\/www.palletmaster.fi\/fi\/1-5-pallet-dispensers\/\" style=\"border-radius:0px\">Tuotetiedot<\/a><\/div>\n<\/div>\n<\/div>\n\n\n\n<div class=\"wp-block-column is-layout-flow wp-block-column-is-layout-flow\">\n<figure class=\"wp-block-image size-full\"><img loading=\"lazy\" decoding=\"async\" width=\"430\" height=\"461\" src=\"https:\/\/www.ferroplan.fi\/pm2024\/wp-content\/uploads\/2024\/06\/pallet_master_solutions_pneumatic.jpg\" alt=\"Automatic and Pneumatic Pallet Dispenser PalletMaster\u00ae\" class=\"wp-image-63\"\/><\/figure>\n\n\n\n<h3 class=\"wp-block-heading has-text-align-center\">Paineilmatoimiset PalletMaster\u00ae<br>lavapinoajat<\/h3>\n\n\n\n<p class=\"has-text-align-center\">T\u00e4ysin automaattinen lastaus- ja purkutoiminto. Laite tarvitsee paineilmaa ja 230V s\u00e4hk\u00f6pistorasian. Laitteen kapasiteetti 16 tai 25 lavaa.<\/p>\n\n\n\n<div class=\"wp-block-buttons is-content-justification-center is-layout-flex wp-container-core-buttons-is-layout-e1485a7b wp-block-buttons-is-layout-flex\">\n<div class=\"wp-block-button\"><a class=\"wp-block-button__link wp-element-button\" href=\"https:\/\/www.palletmaster.fi\/fi\/pneumatic-pallet-dispenser\/\" style=\"border-radius:0px\">Tuotetiedot<\/a><\/div>\n<\/div>\n<\/div>\n<\/div>\n\n\n\n<div style=\"height:4rem\" aria-hidden=\"true\" class=\"wp-block-spacer\"><\/div>\n\n\n\n<div class=\"wp-block-cover cover-full cover-grey cover-customise\" style=\"min-height:660px;aspect-ratio:unset;\"><span aria-hidden=\"true\" class=\"wp-block-cover__background has-base-background-color has-background-dim-100 has-background-dim\"><\/span><div class=\"wp-block-cover__inner-container is-layout-constrained wp-block-cover-is-layout-constrained\">\n<h2 class=\"wp-block-heading has-text-align-center has-base-3-color has-text-color has-link-color wp-elements-1da1e9f34ef07012879f4b29de8a1b4f\">Muokkaa PalletMaster\u00ae tarpeidesi mukaiseksi!<\/h2>\n\n\n\n<div class=\"wp-block-columns is-layout-flex wp-container-core-columns-is-layout-9d6595d7 wp-block-columns-is-layout-flex\">\n<div class=\"wp-block-column is-layout-flow wp-block-column-is-layout-flow\" style=\"flex-basis:60%\">\n<figure class=\"wp-block-image size-full\"><img loading=\"lazy\" decoding=\"async\" width=\"845\" height=\"398\" src=\"https:\/\/www.ferroplan.fi\/pm2024\/wp-content\/uploads\/2024\/06\/pm_cover_customise.png\" alt=\"Various color models of PalletMaster\u00ae automatic pallet dispensers showcasing one way to customize the pallet dispenser\" class=\"wp-image-75\" srcset=\"https:\/\/www.palletmaster.fi\/pm2024\/wp-content\/uploads\/2024\/06\/pm_cover_customise.png 845w, https:\/\/www.palletmaster.fi\/pm2024\/wp-content\/uploads\/2024\/06\/pm_cover_customise-768x362.png 768w\" sizes=\"auto, (max-width: 845px) 100vw, 845px\" \/><\/figure>\n<\/div>\n\n\n\n<div class=\"wp-block-column is-vertically-aligned-center is-layout-flow wp-block-column-is-layout-flow\">\n<p class=\"has-contrast-color has-text-color has-link-color wp-elements-ba75163c396aa78a81c5f2262bd30097\">Pallet Master tarjoaa laajan valikoiman erilaisia lavapinoajia ja lavanpinonta ratkaisuja yrityksesi tarpeisiin. PalletMaster\u00ae lavapinoajat on my\u00f6s saatavilla useilla eri kustomointivaihtoehdoilla, jotta voit muokata lavapinoajasi br\u00e4ndisi ja tarpeidesi mukaiseksi.<\/p>\n\n\n\n<div style=\"height:3rem\" aria-hidden=\"true\" class=\"wp-block-spacer\"><\/div>\n\n\n\n<div class=\"wp-block-buttons is-content-justification-left is-layout-flex wp-container-core-buttons-is-layout-ab31b1cb wp-block-buttons-is-layout-flex\">\n<div class=\"wp-block-button\"><a class=\"wp-block-button__link wp-element-button\" href=\"https:\/\/www.palletmaster.fi\/fi\/pallet-dispenser\/\" style=\"border-radius:0px\">Lue lis\u00e4\u00e4<\/a><\/div>\n<\/div>\n<\/div>\n<\/div>\n<\/div><\/div>","protected":false},"excerpt":{"rendered":"<p>PalletMaster\u00ae Pallet dispensers Experience effortless and automatic pallet stacking and destacking with PalletMaster\u00ae for EUR, FIN, CHEP, and 1\/2 pallets. Simply drive your forklift into the machine, and PalletMaster\u00ae automatically stacks, destacks and stores pallets, saving you time and effort compared to manual stacking. PalletMaster\u00ae solutions Electric PalletMaster\u00ae Pallet Dispensers and Half Pallet Dispensers Fully &#8230; <a title=\"Etusivu\" class=\"read-more\" href=\"https:\/\/www.palletmaster.fi\/fi\/\" aria-label=\"Lue lis\u00e4\u00e4 aiheesta Home\">Lue lis\u00e4\u00e4<\/a><\/p>","protected":false},"author":1,"featured_media":0,"parent":0,"menu_order":0,"comment_status":"closed","ping_status":"closed","template":"","meta":{"footnotes":""},"class_list":["post-18","page","type-page","status-publish"],"yoast_head":"<!-- This site is optimized with the Yoast SEO plugin v22.8 - https:\/\/yoast.com\/wordpress\/plugins\/seo\/ -->\n<title>Pallet Stackers and Dispensers - Pallet Master Finland<\/title>\n<meta name=\"description\" content=\"Automate pallet stacking with PalletMaster\u00ae dispensers. Save time and boost efficiency with our top-quality solutions. Explore our products!\" \/>\n<meta name=\"robots\" content=\"index, follow, max-snippet:-1, max-image-preview:large, max-video-preview:-1\" \/>\n<link rel=\"canonical\" href=\"https:\/\/www.palletmaster.fi\/fi\/\" \/>\n<meta property=\"og:locale\" content=\"fi_FI\" \/>\n<meta property=\"og:type\" content=\"article\" \/>\n<meta property=\"og:title\" content=\"Pallet Stackers and Dispensers - Pallet Master Finland\" \/>\n<meta property=\"og:description\" content=\"Automate pallet stacking with PalletMaster\u00ae dispensers. Save time and boost efficiency with our top-quality solutions. Explore our products!\" \/>\n<meta property=\"og:url\" content=\"https:\/\/www.palletmaster.fi\/fi\/\" \/>\n<meta property=\"og:site_name\" content=\"Pallet Master\" \/>\n<meta property=\"article:modified_time\" content=\"2024-11-25T05:44:10+00:00\" \/>\n<meta property=\"og:image\" content=\"https:\/\/www.ferroplan.fi\/pm2024\/wp-content\/uploads\/2024\/06\/pm_fp_hero_cover.jpg\" \/>\n<meta name=\"twitter:card\" content=\"summary_large_image\" \/>\n<meta name=\"twitter:label1\" content=\"Arvioitu lukuaika\" \/>\n\t<meta name=\"twitter:data1\" content=\"2 minuuttia\" \/>\n<script type=\"application\/ld+json\" class=\"yoast-schema-graph\">{\"@context\":\"https:\/\/schema.org\",\"@graph\":[{\"@type\":\"WebPage\",\"@id\":\"https:\/\/www.palletmaster.fi\/\",\"url\":\"https:\/\/www.palletmaster.fi\/\",\"name\":\"Pallet Stackers and Dispensers - Pallet Master Finland\",\"isPartOf\":{\"@id\":\"https:\/\/www.palletmaster.fi\/#website\"},\"primaryImageOfPage\":{\"@id\":\"https:\/\/www.palletmaster.fi\/#primaryimage\"},\"image\":{\"@id\":\"https:\/\/www.palletmaster.fi\/#primaryimage\"},\"thumbnailUrl\":\"https:\/\/www.ferroplan.fi\/pm2024\/wp-content\/uploads\/2024\/06\/pm_fp_hero_cover.jpg\",\"datePublished\":\"2024-06-01T05:21:20+00:00\",\"dateModified\":\"2024-11-25T05:44:10+00:00\",\"description\":\"Automate pallet stacking with PalletMaster\u00ae dispensers. Save time and boost efficiency with our top-quality solutions. Explore our products!\",\"breadcrumb\":{\"@id\":\"https:\/\/www.palletmaster.fi\/#breadcrumb\"},\"inLanguage\":\"fi\",\"potentialAction\":[{\"@type\":\"ReadAction\",\"target\":[\"https:\/\/www.palletmaster.fi\/\"]}]},{\"@type\":\"ImageObject\",\"inLanguage\":\"fi\",\"@id\":\"https:\/\/www.palletmaster.fi\/#primaryimage\",\"url\":\"https:\/\/www.ferroplan.fi\/pm2024\/wp-content\/uploads\/2024\/06\/pm_fp_hero_cover.jpg\",\"contentUrl\":\"https:\/\/www.ferroplan.fi\/pm2024\/wp-content\/uploads\/2024\/06\/pm_fp_hero_cover.jpg\"},{\"@type\":\"BreadcrumbList\",\"@id\":\"https:\/\/www.palletmaster.fi\/#breadcrumb\",\"itemListElement\":[{\"@type\":\"ListItem\",\"position\":1,\"name\":\"Home\",\"item\":\"https:\/\/www.palletmaster.fi\/\"},{\"@type\":\"ListItem\",\"position\":2,\"name\":\"Home\"}]},{\"@type\":\"WebSite\",\"@id\":\"https:\/\/www.palletmaster.fi\/#website\",\"url\":\"https:\/\/www.palletmaster.fi\/\",\"name\":\"Pallet Master\",\"description\":\"Load, Unload, and Store\",\"publisher\":{\"@id\":\"https:\/\/www.palletmaster.fi\/#organization\"},\"potentialAction\":[{\"@type\":\"SearchAction\",\"target\":{\"@type\":\"EntryPoint\",\"urlTemplate\":\"https:\/\/www.palletmaster.fi\/?s={search_term_string}\"},\"query-input\":\"required name=search_term_string\"}],\"inLanguage\":\"fi\"},{\"@type\":\"Organization\",\"@id\":\"https:\/\/www.palletmaster.fi\/#organization\",\"name\":\"Pallet Master\",\"url\":\"https:\/\/www.palletmaster.fi\/\",\"logo\":{\"@type\":\"ImageObject\",\"inLanguage\":\"fi\",\"@id\":\"https:\/\/www.palletmaster.fi\/#\/schema\/logo\/image\/\",\"url\":\"https:\/\/www.palletmaster.fi\/pm2024\/wp-content\/uploads\/2024\/06\/pm_logo.png\",\"contentUrl\":\"https:\/\/www.palletmaster.fi\/pm2024\/wp-content\/uploads\/2024\/06\/pm_logo.png\",\"width\":300,\"height\":84,\"caption\":\"Pallet Master\"},\"image\":{\"@id\":\"https:\/\/www.palletmaster.fi\/#\/schema\/logo\/image\/\"},\"sameAs\":[\"https:\/\/www.linkedin.com\/company\/pallet-master-oy\"]}]}<\/script>\n<!-- \/ Yoast SEO plugin. -->","yoast_head_json":{"title":"Pallet Stackers and Dispensers - Pallet Master Finland","description":"Automate pallet stacking with PalletMaster\u00ae dispensers. Save time and boost efficiency with our top-quality solutions. Explore our products!","robots":{"index":"index","follow":"follow","max-snippet":"max-snippet:-1","max-image-preview":"max-image-preview:large","max-video-preview":"max-video-preview:-1"},"canonical":"https:\/\/www.palletmaster.fi\/fi\/","og_locale":"fi_FI","og_type":"article","og_title":"Pallet Stackers and Dispensers - Pallet Master Finland","og_description":"Automate pallet stacking with PalletMaster\u00ae dispensers. Save time and boost efficiency with our top-quality solutions. Explore our products!","og_url":"https:\/\/www.palletmaster.fi\/fi\/","og_site_name":"Pallet Master","article_modified_time":"2024-11-25T05:44:10+00:00","og_image":[{"url":"https:\/\/www.ferroplan.fi\/pm2024\/wp-content\/uploads\/2024\/06\/pm_fp_hero_cover.jpg"}],"twitter_card":"summary_large_image","twitter_misc":{"Arvioitu lukuaika":"2 minuuttia"},"schema":{"@context":"https:\/\/schema.org","@graph":[{"@type":"WebPage","@id":"https:\/\/www.palletmaster.fi\/","url":"https:\/\/www.palletmaster.fi\/","name":"Pallet Stackers and Dispensers - Pallet Master Finland","isPartOf":{"@id":"https:\/\/www.palletmaster.fi\/#website"},"primaryImageOfPage":{"@id":"https:\/\/www.palletmaster.fi\/#primaryimage"},"image":{"@id":"https:\/\/www.palletmaster.fi\/#primaryimage"},"thumbnailUrl":"https:\/\/www.ferroplan.fi\/pm2024\/wp-content\/uploads\/2024\/06\/pm_fp_hero_cover.jpg","datePublished":"2024-06-01T05:21:20+00:00","dateModified":"2024-11-25T05:44:10+00:00","description":"Automate pallet stacking with PalletMaster\u00ae dispensers. Save time and boost efficiency with our top-quality solutions. Explore our products!","breadcrumb":{"@id":"https:\/\/www.palletmaster.fi\/#breadcrumb"},"inLanguage":"fi","potentialAction":[{"@type":"ReadAction","target":["https:\/\/www.palletmaster.fi\/"]}]},{"@type":"ImageObject","inLanguage":"fi","@id":"https:\/\/www.palletmaster.fi\/#primaryimage","url":"https:\/\/www.ferroplan.fi\/pm2024\/wp-content\/uploads\/2024\/06\/pm_fp_hero_cover.jpg","contentUrl":"https:\/\/www.ferroplan.fi\/pm2024\/wp-content\/uploads\/2024\/06\/pm_fp_hero_cover.jpg"},{"@type":"BreadcrumbList","@id":"https:\/\/www.palletmaster.fi\/#breadcrumb","itemListElement":[{"@type":"ListItem","position":1,"name":"Home","item":"https:\/\/www.palletmaster.fi\/"},{"@type":"ListItem","position":2,"name":"Home"}]},{"@type":"WebSite","@id":"https:\/\/www.palletmaster.fi\/#website","url":"https:\/\/www.palletmaster.fi\/","name":"Pallet Master","description":"Load, Unload, and Store","publisher":{"@id":"https:\/\/www.palletmaster.fi\/#organization"},"potentialAction":[{"@type":"SearchAction","target":{"@type":"EntryPoint","urlTemplate":"https:\/\/www.palletmaster.fi\/?s={search_term_string}"},"query-input":"required name=search_term_string"}],"inLanguage":"fi"},{"@type":"Organization","@id":"https:\/\/www.palletmaster.fi\/#organization","name":"Pallet Master","url":"https:\/\/www.palletmaster.fi\/","logo":{"@type":"ImageObject","inLanguage":"fi","@id":"https:\/\/www.palletmaster.fi\/#\/schema\/logo\/image\/","url":"https:\/\/www.palletmaster.fi\/pm2024\/wp-content\/uploads\/2024\/06\/pm_logo.png","contentUrl":"https:\/\/www.palletmaster.fi\/pm2024\/wp-content\/uploads\/2024\/06\/pm_logo.png","width":300,"height":84,"caption":"Pallet Master"},"image":{"@id":"https:\/\/www.palletmaster.fi\/#\/schema\/logo\/image\/"},"sameAs":["https:\/\/www.linkedin.com\/company\/pallet-master-oy"]}]}},"_links":{"self":[{"href":"https:\/\/www.palletmaster.fi\/fi\/wp-json\/wp\/v2\/pages\/18","targetHints":{"allow":["GET"]}}],"collection":[{"href":"https:\/\/www.palletmaster.fi\/fi\/wp-json\/wp\/v2\/pages"}],"about":[{"href":"https:\/\/www.palletmaster.fi\/fi\/wp-json\/wp\/v2\/types\/page"}],"author":[{"embeddable":true,"href":"https:\/\/www.palletmaster.fi\/fi\/wp-json\/wp\/v2\/users\/1"}],"replies":[{"embeddable":true,"href":"https:\/\/www.palletmaster.fi\/fi\/wp-json\/wp\/v2\/comments?post=18"}],"version-history":[{"count":57,"href":"https:\/\/www.palletmaster.fi\/fi\/wp-json\/wp\/v2\/pages\/18\/revisions"}],"predecessor-version":[{"id":579,"href":"https:\/\/www.palletmaster.fi\/fi\/wp-json\/wp\/v2\/pages\/18\/revisions\/579"}],"wp:attachment":[{"href":"https:\/\/www.palletmaster.fi\/fi\/wp-json\/wp\/v2\/media?parent=18"}],"curies":[{"name":"wp","href":"https:\/\/api.w.org\/{rel}","templated":true}]}}